{"id":11810,"date":"2023-04-03T16:35:40","date_gmt":"2023-04-03T16:35:40","guid":{"rendered":"https:\/\/ads.ad-pomme.fr\/wp\/?page_id=11810"},"modified":"2023-04-03T16:50:04","modified_gmt":"2023-04-03T16:50:04","slug":"mentions-legales","status":"publish","type":"page","link":"https:\/\/ads.ad-pomme.fr\/wp\/mentions-legales\/","title":{"rendered":"Mentions L\u00e9gales"},"content":{"rendered":"\t\t<div data-elementor-type=\"wp-page\" data-elementor-id=\"11810\" class=\"elementor elementor-11810\">\n\t\t\t\t\t\t\t\t\t<section class=\"elementor-section elementor-top-section elementor-element elementor-element-baa81e6 elementor-section-height-min-height elementor-section-items-stretch elementor-section-content-middle elementor-section-boxed elementor-section-height-default\" data-id=\"baa81e6\" data-element_type=\"section\">\n\t\t\t\t\t\t<div class=\"elementor-container elementor-column-gap-wider\">\n\t\t\t\t\t<div class=\"elementor-column elementor-col-100 elementor-top-column elementor-element elementor-element-b5d982e\" data-id=\"b5d982e\" data-element_type=\"column\">\n\t\t\t<div class=\"elementor-widget-wrap elementor-element-populated\">\n\t\t\t\t\t\t\t\t<div class=\"elementor-element elementor-element-900a7b3 animated-fast elementor-invisible elementor-widget elementor-widget-heading\" data-id=\"900a7b3\" data-element_type=\"widget\" data-settings=\"{&quot;_animation&quot;:&quot;fadeInUp&quot;}\" data-widget_type=\"heading.default\">\n\t\t\t\t<div class=\"elementor-widget-container\">\n\t\t\t<h2 class=\"elementor-heading-title elementor-size-default\">Mentions L\u00e9gales\n<\/h2>\t\t<\/div>\n\t\t\t\t<\/div>\n\t\t\t\t<div class=\"elementor-element elementor-element-2de0d92 elementor-widget elementor-widget-spacer\" data-id=\"2de0d92\" data-element_type=\"widget\" data-widget_type=\"spacer.default\">\n\t\t\t\t<div class=\"elementor-widget-container\">\n\t\t\t\t\t<div class=\"elementor-spacer\">\n\t\t\t<div class=\"elementor-spacer-inner\"><\/div>\n\t\t<\/div>\n\t\t\t\t<\/div>\n\t\t\t\t<\/div>\n\t\t\t\t<div class=\"elementor-element elementor-element-66e50ca elementor-widget elementor-widget-text-editor\" data-id=\"66e50ca\" data-element_type=\"widget\" data-widget_type=\"text-editor.default\">\n\t\t\t\t<div class=\"elementor-widget-container\">\n\t\t\t\t\t\t\t<p><b>EDITEUR DU SITE<\/b><br \/>Soci\u00e9t\u00e9\u00a0AD-POMME<br \/>www.AD-POMME.fr<br \/>Si\u00e8ge social\u00a0:\u00a035 rue Gustave Charpentier \u2013 31100 Toulouse<br \/>SARL au capital de 8.000\u20ac \u00a0 \u00a0SIRET 492 296 744 00021<br \/>Directeur de publication\/directeur de la r\u00e9daction\u00a0: Jean Grauby<\/p><p><b>CONDITIONS D\u2019UTILISATION<\/b><br \/>Le site accessible par l\u2019url www.AD-POMME.fr est exploit\u00e9 dans le respect de la l\u00e9gislation fran\u00e7aise. L\u2019utilisation de ce site est r\u00e9gie par les pr\u00e9sentes conditions g\u00e9n\u00e9rales. En utilisant le site, vous reconnaissez avoir pris connaissance de ces conditions et les avoir accept\u00e9es. Celles-ci pourront \u00eatres modifi\u00e9es \u00e0 tout moment et sans pr\u00e9avis par la soci\u00e9t\u00e9 AD-POMME.<br \/>AD-POMME ne saurait \u00eatre tenu pour responsable en aucune mani\u00e8re d\u2019une mauvaise utilisation du service.<\/p><p><b>LIMITATION DE RESPONSABILIT\u00c9<\/b><br \/>Les informations contenues sur ce site sont aussi pr\u00e9cises que possibles et le site est p\u00e9riodiquement remis \u00e0 jour, mais peut toutefois contenir des inexactitudes, des omissions ou des lacunes. Si vous constatez une lacune, erreur ou ce qui parait \u00eatre un dysfonctionnement, merci de bien vouloir le signaler sur\u00a0<a href=\"https:\/\/ad-pomme.fr\/contact\/\">notre page contact<\/a>.<\/p><p>Tout contenu t\u00e9l\u00e9charg\u00e9 se fait aux risques et p\u00e9rils de l\u2019utilisateur et sous sa seule responsabilit\u00e9. En cons\u00e9quence, AD-POMME ne saurait \u00eatre tenu responsable d\u2019un quelconque dommage subi par l\u2019ordinateur de l\u2019utilisateur ou d\u2019une quelconque perte de donn\u00e9es cons\u00e9cutives au t\u00e9l\u00e9chargement.<\/p><p>Les photos sont non contractuelles.<\/p><p>Les liens hypertextes mis en place dans le cadre du pr\u00e9sent site internet en direction d\u2019autres ressources pr\u00e9sentes sur le r\u00e9seau Internet ne sauraient engager la responsabilit\u00e9 de AD-POMME.<\/p><p><b>LITIGES<\/b><br \/>Les pr\u00e9sentes conditions sont r\u00e9gies par les lois fran\u00e7aises et toute contestation ou litiges qui pourraient na\u00eetre de l\u2019interpr\u00e9tation ou de l\u2019ex\u00e9cution de celles-ci seront de la comp\u00e9tence exclusive des tribunaux dont d\u00e9pend le si\u00e8ge social de la soci\u00e9t\u00e9 AD-POMME. La langue de r\u00e9f\u00e9rence, pour le r\u00e8glement de contentieux \u00e9ventuels, est le fran\u00e7ais.<\/p><p><b>D\u00c9CLARATION \u00c0 LA CNIL<\/b><br \/>Conform\u00e9ment \u00e0 la loi 78-17 du 6 janvier 1978 (modifi\u00e9e par la loi 2004-801 du 6 ao\u00fbt 2004 relative \u00e0 la protection des personnes physiques \u00e0 l\u2019\u00e9gard des traitements de donn\u00e9es \u00e0 caract\u00e8re personnel) relative \u00e0 l\u2019informatique, aux fichiers et aux libert\u00e9s, le site a fait l\u2019objet d\u2019une d\u00e9claration aupr\u00e8s de la Commission nationale de l\u2019informatique et des libert\u00e9s (www.cnil.fr).<\/p><p><b>DROIT D\u2019ACC\u00c8S<\/b><br \/>En application de cette loi, les internautes disposent d\u2019un droit d\u2019acc\u00e8s, de rectification, de modification et de suppression concernant les donn\u00e9es qui les concernent personnellement. Ce droit peut \u00eatre exerc\u00e9 par voie postale aupr\u00e8s de AD-POMME 35 rue Gustave Charpentier 31100 Toulouse ou sur\u00a0<a href=\"https:\/\/ad-pomme.fr\/contact\/\">notre page contact<\/a>.<br \/>Les informations personnelles collect\u00e9es ne sont en aucun cas confi\u00e9es \u00e0 des tiers.<\/p><p><b>CONFIDENTIALIT\u00c9<\/b><br \/>Vos donn\u00e9es personnelles sont confidentielles et ne seront en aucun cas communiqu\u00e9es \u00e0 des tiers.<\/p><p><b>PROPRI\u00c9T\u00c9 INTELLECTUELLE<\/b><br \/>Tout le contenu du pr\u00e9sent site, incluant, de fa\u00e7on non limitative, les graphismes, images, textes, vid\u00e9os, animations, sons, logos, gifs et ic\u00f4nes ainsi que leur mise en forme sont la propri\u00e9t\u00e9 exclusive de la soci\u00e9t\u00e9 AD-POMME \u00e0 l\u2019exception des marques, logos ou contenus appartenant \u00e0 d\u2019autres soci\u00e9t\u00e9s partenaires ou auteurs.<br \/>Toute reproduction, distribution, modification, adaptation, retransmission ou publication, m\u00eame partielle, de ces diff\u00e9rents \u00e9l\u00e9ments est strictement interdite sans l\u2019accord expr\u00e8s par \u00e9crit de AD-POMME. Cette repr\u00e9sentation ou reproduction, par quelque proc\u00e9d\u00e9 que ce soit, constitue une contrefa\u00e7on sanctionn\u00e9e par les articles L.3335-2 et suivants du Code de la propri\u00e9t\u00e9 intellectuelle. Le non-respect de cette interdiction constitue une contrefa\u00e7on pouvant engager la responsabilit\u00e9 civile et p\u00e9nale du contrefacteur. En outre, les propri\u00e9taires des Contenus copi\u00e9s pourraient intenter une action en justice \u00e0 votre encontre.<\/p><p>AD-POMME est identiquement propri\u00e9taire des \u00ab\u00a0droits des producteurs de bases de donn\u00e9es\u00a0\u00bb vis\u00e9s au Livre III, Titre IV, du Code de la Propri\u00e9t\u00e9 Intellectuelle (loi n\u00b0 98-536 du 1er juillet 1998) relative aux droits d\u2019auteur et aux bases de donn\u00e9es.<\/p><p>Les utilisateurs et visiteurs du site internet peuvent mettre en place un hyperlien en direction de ce site, mais uniquement en direction de la page d\u2019accueil, accessible \u00e0 l\u2019URL suivante : www.AD-POMME.fr, \u00e0 condition que ce lien s\u2019ouvre dans une nouvelle fen\u00eatre. En particulier un lien vers une sous page (lien profond) est interdit, ainsi que l\u2019ouverture du pr\u00e9sent site au sein d\u2019un cadre (framing), sauf l\u2019autorisation expresse et pr\u00e9alable de AD-POMME.<\/p><p>Pour toute demande d\u2019autorisation ou d\u2019information, veuillez utiliser\u00a0<a href=\"https:\/\/ad-pomme.fr\/contact\/\">notre page contact<\/a>.<\/p><p><b>INFORMATIONS ET EXCLUSION<\/b><br \/>AD-POMME met en \u0153uvre tous les moyens dont elle dispose, pour assurer une information fiable et une mise \u00e0 jour fiable de ses sites internet. Toutefois, des erreurs ou omissions peuvent survenir. L\u2019internaute devra donc s\u2019assurer de l\u2019exactitude des informations aupr\u00e8s de AD-POMME, et signaler toutes modifications du site qu\u2019il jugerait utile. AD-POMME n\u2019est en aucun cas responsable de l\u2019utilisation faite de ces informations, et de tout pr\u00e9judice direct ou indirect pouvant en d\u00e9couler<\/p><p><strong>COOKIES<\/strong><br \/>Pour des besoins de statistiques et d\u2019affichage, le pr\u00e9sent site utilise des cookies. Il s\u2019agit de petits fichiers textes stock\u00e9s sur votre disque dur afin d\u2019enregistrer des donn\u00e9es techniques sur votre navigation. Certaines parties de ce site ne peuvent \u00eatre fonctionnelle sans l\u2019acceptation de cookies<\/p><p><b>LIENS HYPERTEXTES<\/b><br \/>Les sites internet de AD-POMME peuvent offrir des liens vers d\u2019autres sites internet ou d\u2019autres ressources disponibles sur Internet.<\/p><p>AD-POMME ne dispose d\u2019aucun moyen pour contr\u00f4ler les sites en connexion avec ses sites internet. AD-POMME ne r\u00e9pond pas de la disponibilit\u00e9 de tels sites et sources externes, ni ne la garantit. Elle ne peut \u00eatre tenue pour responsable de tout dommage, de quelque nature que ce soit, r\u00e9sultant du contenu de ces sites ou sources externes, et notamment des informations, produits ou services qu\u2019ils proposent, ou de tout usage qui peut \u00eatre fait de ces \u00e9l\u00e9ments. Les risques li\u00e9s \u00e0 cette utilisation incombent pleinement \u00e0 l\u2019internaute, qui doit se conformer \u00e0 leurs conditions d\u2019utilisation.<\/p><p>Les utilisateurs, les abonn\u00e9s et les visiteurs des sites internet de AD-POMME ne peuvent mettre en place un hyperlien en direction de ce site sans l\u2019autorisation expresse et pr\u00e9alable de AD-POMME.<\/p><p>Dans l\u2019hypoth\u00e8se o\u00f9 un utilisateur ou visiteur souhaiterait mettre en place un hyperlien en direction d\u2019un des sites internet de AD-POMME, il lui appartiendra de formuler sa demande de mise en place d\u2019un hyperlien en allant sur\u00a0<a href=\"https:\/\/ad-pomme.fr\/contact\/\">notre page contact<\/a>. AD-POMME se r\u00e9serve le droit d\u2019accepter ou de refuser un hyperlien sans avoir \u00e0 en justifier sa d\u00e9cision.<\/p><p><b>PR\u00c9CAUTIONS D\u2019USAGE<\/b><br \/>Il vous incombe par cons\u00e9quent de prendre les pr\u00e9cautions d\u2019usage n\u00e9cessaires pour vous assurer que ce que vous choisissez d\u2019utiliser ne soit pas entach\u00e9 d\u2019erreurs voire d\u2019\u00e9l\u00e9ments de nature destructrice tels que virus, trojans, etc\u2026<\/p><p>Responsabilit\u00e9<br \/>Aucune autre garantie n\u2019est accord\u00e9e au client, auquel incombe l\u2019obligation de formuler clairement ses besoins et le devoir de s\u2019informer. Si des informations fournies par AD-POMME apparaissent inexactes, il appartiendra au client de proc\u00e9der lui-m\u00eame \u00e0 toutes v\u00e9rifications de la coh\u00e9rence ou de la vraisemblance des r\u00e9sultats obtenus. AD-POMME ne sera en aucune fa\u00e7on responsable vis \u00e0 vis des tiers de l\u2019utilisation par le client des informations ou de leur absence contenues dans ses produits y compris un de ses sites Internet.<\/p><p><b>CONTACTEZ-NOUS<\/b><br \/>AD-POMME est \u00e0 votre disposition pour tous vos commentaires ou suggestions. Vous pouvez nous \u00e9crire en allant sur\u00a0<a href=\"https:\/\/ad-pomme.fr\/contact\/\">notre page contact<\/a>.<\/p><h4>\u00a0<\/h4><h4>\u00a0<\/h4>\t\t\t\t\t\t<\/div>\n\t\t\t\t<\/div>\n\t\t\t\t\t<\/div>\n\t\t<\/div>\n\t\t\t\t\t\t\t<\/div>\n\t\t<\/section>\n\t\t\t\t\t\t\t<\/div>\n\t\t","protected":false},"excerpt":{"rendered":"<p>Mentions L\u00e9gales EDITEUR DU SITESoci\u00e9t\u00e9\u00a0AD-POMMEwww.AD-POMME.frSi\u00e8ge social\u00a0:\u00a035 rue Gustave Charpentier \u2013 31100 ToulouseSARL au capital de 8.000\u20ac \u00a0 \u00a0SIRET 492 296 744 00021Directeur de publication\/directeur de la r\u00e9daction\u00a0: Jean Grauby CONDITIONS D\u2019UTILISATIONLe site accessible par l\u2019url www.AD-POMME.fr est exploit\u00e9 dans le respect de la l\u00e9gislation fran\u00e7aise. L\u2019utilisation de ce site est r\u00e9gie par les pr\u00e9sentes conditions&hellip;<\/p>\n","protected":false},"author":1,"featured_media":0,"parent":0,"menu_order":0,"comment_status":"closed","ping_status":"closed","template":"","meta":{"footnotes":""},"class_list":["post-11810","page","type-page","status-publish","hentry"],"_links":{"self":[{"href":"https:\/\/ads.ad-pomme.fr\/wp\/wp-json\/wp\/v2\/pages\/11810","targetHints":{"allow":["GET"]}}],"collection":[{"href":"https:\/\/ads.ad-pomme.fr\/wp\/wp-json\/wp\/v2\/pages"}],"about":[{"href":"https:\/\/ads.ad-pomme.fr\/wp\/wp-json\/wp\/v2\/types\/page"}],"author":[{"embeddable":true,"href":"https:\/\/ads.ad-pomme.fr\/wp\/wp-json\/wp\/v2\/users\/1"}],"replies":[{"embeddable":true,"href":"https:\/\/ads.ad-pomme.fr\/wp\/wp-json\/wp\/v2\/comments?post=11810"}],"version-history":[{"count":8,"href":"https:\/\/ads.ad-pomme.fr\/wp\/wp-json\/wp\/v2\/pages\/11810\/revisions"}],"predecessor-version":[{"id":11828,"href":"https:\/\/ads.ad-pomme.fr\/wp\/wp-json\/wp\/v2\/pages\/11810\/revisions\/11828"}],"wp:attachment":[{"href":"https:\/\/ads.ad-pomme.fr\/wp\/wp-json\/wp\/v2\/media?parent=11810"}],"curies":[{"name":"wp","href":"https:\/\/api.w.org\/{rel}","templated":true}]}}