{"id":11206,"date":"2023-03-28T20:26:36","date_gmt":"2023-03-28T20:26:36","guid":{"rendered":"https:\/\/ads.ad-pomme.fr\/wp\/?page_id=11206"},"modified":"2023-04-06T10:06:10","modified_gmt":"2023-04-06T10:06:10","slug":"particuliers","status":"publish","type":"page","link":"https:\/\/ads.ad-pomme.fr\/wp\/particuliers\/","title":{"rendered":"Particuliers"},"content":{"rendered":"\t\t<div data-elementor-type=\"wp-page\" data-elementor-id=\"11206\" class=\"elementor elementor-11206\">\n\t\t\t\t\t\t\t\t\t<section class=\"elementor-section elementor-top-section elementor-element elementor-element-55a0990 elementor-section-boxed elementor-section-height-default elementor-section-height-default\" data-id=\"55a0990\" data-element_type=\"section\">\n\t\t\t\t\t\t<div class=\"elementor-container elementor-column-gap-default\">\n\t\t\t\t\t<div class=\"elementor-column elementor-col-100 elementor-top-column elementor-element elementor-element-9a89c8a\" data-id=\"9a89c8a\" data-element_type=\"column\">\n\t\t\t<div class=\"elementor-widget-wrap elementor-element-populated\">\n\t\t\t\t\t\t\t\t<div class=\"elementor-element elementor-element-13c8cdb animated-fast elementor-invisible elementor-widget elementor-widget-image\" data-id=\"13c8cdb\" data-element_type=\"widget\" data-settings=\"{&quot;_animation&quot;:&quot;fadeInUp&quot;}\" data-widget_type=\"image.default\">\n\t\t\t\t<div class=\"elementor-widget-container\">\n\t\t\t\t\t\t\t\t\t\t\t\t\t\t\t<img loading=\"lazy\" decoding=\"async\" width=\"59\" height=\"44\" src=\"https:\/\/ads.ad-pomme.fr\/wp\/wp-content\/uploads\/2023\/03\/particuliers.svg\" class=\"attachment-large size-large wp-image-11241\" alt=\"\" \/>\t\t\t\t\t\t\t\t\t\t\t\t\t\t\t<\/div>\n\t\t\t\t<\/div>\n\t\t\t\t<div class=\"elementor-element elementor-element-8a182e0 animated-fast elementor-invisible elementor-widget elementor-widget-heading\" data-id=\"8a182e0\" data-element_type=\"widget\" data-settings=\"{&quot;_animation&quot;:&quot;fadeInUp&quot;,&quot;_animation_delay&quot;:100}\" data-widget_type=\"heading.default\">\n\t\t\t\t<div class=\"elementor-widget-container\">\n\t\t\t<h1 class=\"elementor-heading-title elementor-size-default\">R\u00e9paration ou remplacement ?<\/h1>\t\t<\/div>\n\t\t\t\t<\/div>\n\t\t\t\t<div class=\"elementor-element elementor-element-7932e3c elementor-widget elementor-widget-spacer\" data-id=\"7932e3c\" data-element_type=\"widget\" data-widget_type=\"spacer.default\">\n\t\t\t\t<div class=\"elementor-widget-container\">\n\t\t\t\t\t<div class=\"elementor-spacer\">\n\t\t\t<div class=\"elementor-spacer-inner\"><\/div>\n\t\t<\/div>\n\t\t\t\t<\/div>\n\t\t\t\t<\/div>\n\t\t\t\t\t<\/div>\n\t\t<\/div>\n\t\t\t\t\t\t\t<\/div>\n\t\t<\/section>\n\t\t\t\t<section class=\"elementor-section elementor-top-section elementor-element elementor-element-f3b21f1 elementor-section-height-min-height elementor-section-items-stretch elementor-section-content-middle elementor-reverse-tablet elementor-reverse-mobile elementor-section-boxed elementor-section-height-default\" data-id=\"f3b21f1\" data-element_type=\"section\">\n\t\t\t\t\t\t<div class=\"elementor-container elementor-column-gap-wider\">\n\t\t\t\t\t<div class=\"elementor-column elementor-col-50 elementor-top-column elementor-element elementor-element-3777ec0\" data-id=\"3777ec0\" data-element_type=\"column\">\n\t\t\t<div class=\"elementor-widget-wrap elementor-element-populated\">\n\t\t\t\t\t\t\t\t<div class=\"elementor-element elementor-element-4293290 animated-fast elementor-invisible elementor-widget elementor-widget-heading\" data-id=\"4293290\" data-element_type=\"widget\" data-settings=\"{&quot;_animation&quot;:&quot;fadeInUp&quot;,&quot;_animation_delay&quot;:300}\" data-widget_type=\"heading.default\">\n\t\t\t\t<div class=\"elementor-widget-container\">\n\t\t\t<h2 class=\"elementor-heading-title elementor-size-default\">Une prise en compte rapide\n<\/h2>\t\t<\/div>\n\t\t\t\t<\/div>\n\t\t\t\t<div class=\"elementor-element elementor-element-a2a86da elementor-widget elementor-widget-spacer\" data-id=\"a2a86da\" data-element_type=\"widget\" data-widget_type=\"spacer.default\">\n\t\t\t\t<div class=\"elementor-widget-container\">\n\t\t\t\t\t<div class=\"elementor-spacer\">\n\t\t\t<div class=\"elementor-spacer-inner\"><\/div>\n\t\t<\/div>\n\t\t\t\t<\/div>\n\t\t\t\t<\/div>\n\t\t\t\t<div class=\"elementor-element elementor-element-8c92f6d elementor-widget-tablet__width-inherit animated-fast elementor-invisible elementor-widget elementor-widget-heading\" data-id=\"8c92f6d\" data-element_type=\"widget\" data-settings=\"{&quot;_animation&quot;:&quot;fadeInUp&quot;,&quot;_animation_delay&quot;:400}\" data-widget_type=\"heading.default\">\n\t\t\t\t<div class=\"elementor-widget-container\">\n\t\t\t<h4 class=\"elementor-heading-title elementor-size-default\">R\u00e9parer ou entretenir son ordinateur est une chose importante pour votre confort d\u2019utilisation et pour la s\u00e9curit\u00e9 de vos donn\u00e9es. R\u00e9aliser quelques op\u00e9rations de maintenance, \u00e0 votre domicile ou en nos ateliers, peut vous permettre d\u2019en profiter encore de nombreuses ann\u00e9es.\n<br><br>\nM\u00eame en utilisant \u00ab normalement \u00bb votre ordinateur, le syst\u00e8me d\u2019exploitation peut s\u2019endommager. Le disque dur (un \u00e9l\u00e9ment m\u00e9canique) peut se fragiliser et engendrer des lenteurs, vous pouvez avoir t\u00e9l\u00e9charg\u00e9 sur Internet et par m\u00e9garde quelques fichiers infect\u00e9s, votre application de bureautique peut ne plus se lancer correctement\u2026<\/h4>\t\t<\/div>\n\t\t\t\t<\/div>\n\t\t\t\t\t<\/div>\n\t\t<\/div>\n\t\t\t\t<div class=\"elementor-column elementor-col-50 elementor-top-column elementor-element elementor-element-542910f\" data-id=\"542910f\" data-element_type=\"column\">\n\t\t\t<div class=\"elementor-widget-wrap elementor-element-populated\">\n\t\t\t\t\t\t\t\t<div class=\"elementor-element elementor-element-2bb12fe animated-fast elementor-invisible elementor-widget elementor-widget-image\" data-id=\"2bb12fe\" data-element_type=\"widget\" data-settings=\"{&quot;_animation&quot;:&quot;fadeInRight&quot;,&quot;_animation_delay&quot;:500}\" data-widget_type=\"image.default\">\n\t\t\t\t<div class=\"elementor-widget-container\">\n\t\t\t\t\t\t\t\t\t\t\t\t\t\t\t<img loading=\"lazy\" decoding=\"async\" width=\"1114\" height=\"968\" src=\"https:\/\/ads.ad-pomme.fr\/wp\/wp-content\/uploads\/2023\/03\/prise-de-contact.png\" class=\"attachment-full size-full wp-image-11470\" alt=\"prise de contact\" srcset=\"https:\/\/ads.ad-pomme.fr\/wp\/wp-content\/uploads\/2023\/03\/prise-de-contact.png 1114w, https:\/\/ads.ad-pomme.fr\/wp\/wp-content\/uploads\/2023\/03\/prise-de-contact-300x261.png 300w, https:\/\/ads.ad-pomme.fr\/wp\/wp-content\/uploads\/2023\/03\/prise-de-contact-1024x890.png 1024w, https:\/\/ads.ad-pomme.fr\/wp\/wp-content\/uploads\/2023\/03\/prise-de-contact-768x667.png 768w\" sizes=\"auto, (max-width: 1114px) 100vw, 1114px\" \/>\t\t\t\t\t\t\t\t\t\t\t\t\t\t\t<\/div>\n\t\t\t\t<\/div>\n\t\t\t\t\t<\/div>\n\t\t<\/div>\n\t\t\t\t\t\t\t<\/div>\n\t\t<\/section>\n\t\t\t\t<section class=\"elementor-section elementor-top-section elementor-element elementor-element-7b69157 elementor-section-height-min-height elementor-section-items-stretch elementor-section-content-middle elementor-section-boxed elementor-section-height-default\" data-id=\"7b69157\" data-element_type=\"section\">\n\t\t\t\t\t\t<div class=\"elementor-container elementor-column-gap-wider\">\n\t\t\t\t\t<div class=\"elementor-column elementor-col-50 elementor-top-column elementor-element elementor-element-beddd85\" data-id=\"beddd85\" data-element_type=\"column\">\n\t\t\t<div class=\"elementor-widget-wrap elementor-element-populated\">\n\t\t\t\t\t\t\t\t<div class=\"elementor-element elementor-element-b5213ce animated-fast elementor-invisible elementor-widget elementor-widget-image\" data-id=\"b5213ce\" data-element_type=\"widget\" data-settings=\"{&quot;_animation&quot;:&quot;fadeInLeft&quot;}\" data-widget_type=\"image.default\">\n\t\t\t\t<div class=\"elementor-widget-container\">\n\t\t\t\t\t\t\t\t\t\t\t\t\t\t\t<img loading=\"lazy\" decoding=\"async\" width=\"1156\" height=\"1002\" src=\"https:\/\/ads.ad-pomme.fr\/wp\/wp-content\/uploads\/2023\/03\/entretien-et-conseil.png\" class=\"attachment-full size-full wp-image-11469\" alt=\"entretien et conseil\" srcset=\"https:\/\/ads.ad-pomme.fr\/wp\/wp-content\/uploads\/2023\/03\/entretien-et-conseil.png 1156w, https:\/\/ads.ad-pomme.fr\/wp\/wp-content\/uploads\/2023\/03\/entretien-et-conseil-300x260.png 300w, https:\/\/ads.ad-pomme.fr\/wp\/wp-content\/uploads\/2023\/03\/entretien-et-conseil-1024x888.png 1024w, https:\/\/ads.ad-pomme.fr\/wp\/wp-content\/uploads\/2023\/03\/entretien-et-conseil-768x666.png 768w\" sizes=\"auto, (max-width: 1156px) 100vw, 1156px\" \/>\t\t\t\t\t\t\t\t\t\t\t\t\t\t\t<\/div>\n\t\t\t\t<\/div>\n\t\t\t\t\t<\/div>\n\t\t<\/div>\n\t\t\t\t<div class=\"elementor-column elementor-col-50 elementor-top-column elementor-element elementor-element-16cea23\" data-id=\"16cea23\" data-element_type=\"column\">\n\t\t\t<div class=\"elementor-widget-wrap elementor-element-populated\">\n\t\t\t\t\t\t\t\t<div class=\"elementor-element elementor-element-067d014 animated-fast elementor-invisible elementor-widget elementor-widget-heading\" data-id=\"067d014\" data-element_type=\"widget\" data-settings=\"{&quot;_animation&quot;:&quot;fadeInUp&quot;}\" data-widget_type=\"heading.default\">\n\t\t\t\t<div class=\"elementor-widget-container\">\n\t\t\t<h2 class=\"elementor-heading-title elementor-size-default\">L\u2019entretien et le conseil<\/h2>\t\t<\/div>\n\t\t\t\t<\/div>\n\t\t\t\t<div class=\"elementor-element elementor-element-2e210c7 elementor-widget elementor-widget-spacer\" data-id=\"2e210c7\" data-element_type=\"widget\" data-widget_type=\"spacer.default\">\n\t\t\t\t<div class=\"elementor-widget-container\">\n\t\t\t\t\t<div class=\"elementor-spacer\">\n\t\t\t<div class=\"elementor-spacer-inner\"><\/div>\n\t\t<\/div>\n\t\t\t\t<\/div>\n\t\t\t\t<\/div>\n\t\t\t\t<div class=\"elementor-element elementor-element-8dc7154 elementor-widget-tablet__width-inherit animated-fast elementor-invisible elementor-widget elementor-widget-heading\" data-id=\"8dc7154\" data-element_type=\"widget\" data-settings=\"{&quot;_animation&quot;:&quot;fadeInUp&quot;,&quot;_animation_delay&quot;:100}\" data-widget_type=\"heading.default\">\n\t\t\t\t<div class=\"elementor-widget-container\">\n\t\t\t<h4 class=\"elementor-heading-title elementor-size-default\">M\u00eame si vous avez apport\u00e9 beaucoup de soin \u00e0 votre ordinateur, vous n\u2019\u00eates pas \u00e0 l\u2019abri de certaines alt\u00e9rations. Le risque majeur et f\u00e2cheux, pour les particuliers comme pour les professionnels, reste la perte de donn\u00e9es. Un disque dur qui \u00ab casse \u00bb et toutes vos donn\u00e9es peuvent dispara\u00eetre d\u00e9finitivement. Avant qu\u2019une telle catastrophe ne se produise, nous pouvons vous proposer une solution de stockage adapt\u00e9e, nettoyer votre b\u00e9b\u00e9 de tout logiciel malveillant et v\u00e9rifier l\u2019int\u00e9grit\u00e9 de vos sauvegardes et de vos donn\u00e9es.\n<br><br>\nBref, lui donner une nouvelle jeunesse. Bien entretenus, les ordinateurs Apple peuvent durer de nombreuses ann\u00e9es, dix, voire plus. Bichonn\u00e9, votre ordinateur peut en vivre autant. Avant de d\u00e9cider de changer votre iMac ou votre MacBook Pro, contactez-nous pour du conseil et de l\u2019assistance adapt\u00e9e.<\/h4>\t\t<\/div>\n\t\t\t\t<\/div>\n\t\t\t\t\t<\/div>\n\t\t<\/div>\n\t\t\t\t\t\t\t<\/div>\n\t\t<\/section>\n\t\t\t\t<section class=\"elementor-section elementor-top-section elementor-element elementor-element-2436fe9 elementor-section-boxed elementor-section-height-default elementor-section-height-default\" data-id=\"2436fe9\" data-element_type=\"section\">\n\t\t\t\t\t\t<div class=\"elementor-container elementor-column-gap-wider\">\n\t\t\t\t\t<div class=\"elementor-column elementor-col-100 elementor-top-column elementor-element elementor-element-0799abf\" data-id=\"0799abf\" data-element_type=\"column\">\n\t\t\t<div class=\"elementor-widget-wrap elementor-element-populated\">\n\t\t\t\t\t\t\t\t<div class=\"elementor-element elementor-element-e55ceb8 animated-fast elementor-invisible elementor-widget elementor-widget-heading\" data-id=\"e55ceb8\" data-element_type=\"widget\" data-settings=\"{&quot;_animation&quot;:&quot;fadeInUp&quot;}\" data-widget_type=\"heading.default\">\n\t\t\t\t<div class=\"elementor-widget-container\">\n\t\t\t<h2 class=\"elementor-heading-title elementor-size-default\">Ils nous font confiance<\/h2>\t\t<\/div>\n\t\t\t\t<\/div>\n\t\t\t\t<section class=\"elementor-section elementor-inner-section elementor-element elementor-element-dff4712 animated-fast elementor-section-boxed elementor-section-height-default elementor-section-height-default elementor-invisible\" data-id=\"dff4712\" data-element_type=\"section\" data-settings=\"{&quot;animation&quot;:&quot;fadeInUp&quot;,&quot;animation_delay&quot;:100}\">\n\t\t\t\t\t\t<div class=\"elementor-container elementor-column-gap-default\">\n\t\t\t\t\t<div class=\"elementor-column elementor-col-50 elementor-inner-column elementor-element elementor-element-f076453\" data-id=\"f076453\" data-element_type=\"column\">\n\t\t\t<div class=\"elementor-widget-wrap elementor-element-populated\">\n\t\t\t\t\t\t\t\t<div class=\"elementor-element elementor-element-35f9663 elementor-widget__width-auto elementor-widget elementor-widget-text-editor\" data-id=\"35f9663\" data-element_type=\"widget\" data-widget_type=\"text-editor.default\">\n\t\t\t\t<div class=\"elementor-widget-container\">\n\t\t\t\t\t\t\t<p>5.0<\/p>\t\t\t\t\t\t<\/div>\n\t\t\t\t<\/div>\n\t\t\t\t<div class=\"elementor-element elementor-element-2569c1c elementor-widget__width-auto elementor-view-default elementor-widget elementor-widget-icon\" data-id=\"2569c1c\" data-element_type=\"widget\" data-widget_type=\"icon.default\">\n\t\t\t\t<div class=\"elementor-widget-container\">\n\t\t\t\t\t<div class=\"elementor-icon-wrapper\">\n\t\t\t<div class=\"elementor-icon\">\n\t\t\t<i aria-hidden=\"true\" class=\"fas fa-star\"><\/i>\t\t\t<\/div>\n\t\t<\/div>\n\t\t\t\t<\/div>\n\t\t\t\t<\/div>\n\t\t\t\t<div class=\"elementor-element elementor-element-b9f87f5 elementor-widget__width-auto elementor-view-default elementor-widget elementor-widget-icon\" data-id=\"b9f87f5\" data-element_type=\"widget\" data-widget_type=\"icon.default\">\n\t\t\t\t<div class=\"elementor-widget-container\">\n\t\t\t\t\t<div class=\"elementor-icon-wrapper\">\n\t\t\t<div class=\"elementor-icon\">\n\t\t\t<i aria-hidden=\"true\" class=\"fas fa-star\"><\/i>\t\t\t<\/div>\n\t\t<\/div>\n\t\t\t\t<\/div>\n\t\t\t\t<\/div>\n\t\t\t\t<div class=\"elementor-element elementor-element-d5ec929 elementor-widget__width-auto elementor-view-default elementor-widget elementor-widget-icon\" data-id=\"d5ec929\" data-element_type=\"widget\" data-widget_type=\"icon.default\">\n\t\t\t\t<div class=\"elementor-widget-container\">\n\t\t\t\t\t<div class=\"elementor-icon-wrapper\">\n\t\t\t<div class=\"elementor-icon\">\n\t\t\t<i aria-hidden=\"true\" class=\"fas fa-star\"><\/i>\t\t\t<\/div>\n\t\t<\/div>\n\t\t\t\t<\/div>\n\t\t\t\t<\/div>\n\t\t\t\t<div class=\"elementor-element elementor-element-1dd184e elementor-widget__width-auto elementor-view-default elementor-widget elementor-widget-icon\" data-id=\"1dd184e\" data-element_type=\"widget\" data-widget_type=\"icon.default\">\n\t\t\t\t<div class=\"elementor-widget-container\">\n\t\t\t\t\t<div class=\"elementor-icon-wrapper\">\n\t\t\t<div class=\"elementor-icon\">\n\t\t\t<i aria-hidden=\"true\" class=\"fas fa-star\"><\/i>\t\t\t<\/div>\n\t\t<\/div>\n\t\t\t\t<\/div>\n\t\t\t\t<\/div>\n\t\t\t\t<div class=\"elementor-element elementor-element-181525a elementor-widget__width-auto elementor-view-default elementor-widget elementor-widget-icon\" data-id=\"181525a\" data-element_type=\"widget\" data-widget_type=\"icon.default\">\n\t\t\t\t<div class=\"elementor-widget-container\">\n\t\t\t\t\t<div class=\"elementor-icon-wrapper\">\n\t\t\t<div class=\"elementor-icon\">\n\t\t\t<i aria-hidden=\"true\" class=\"fas fa-star\"><\/i>\t\t\t<\/div>\n\t\t<\/div>\n\t\t\t\t<\/div>\n\t\t\t\t<\/div>\n\t\t\t\t\t<\/div>\n\t\t<\/div>\n\t\t\t\t<div class=\"elementor-column elementor-col-50 elementor-inner-column elementor-element elementor-element-17fae62\" data-id=\"17fae62\" data-element_type=\"column\">\n\t\t\t<div class=\"elementor-widget-wrap elementor-element-populated\">\n\t\t\t\t\t\t\t\t<div class=\"elementor-element elementor-element-b52b577 elementor-widget elementor-widget-text-editor\" data-id=\"b52b577\" data-element_type=\"widget\" data-widget_type=\"text-editor.default\">\n\t\t\t\t<div class=\"elementor-widget-container\">\n\t\t\t\t\t\t\t<p>50 avis google<\/p>\t\t\t\t\t\t<\/div>\n\t\t\t\t<\/div>\n\t\t\t\t\t<\/div>\n\t\t<\/div>\n\t\t\t\t\t\t\t<\/div>\n\t\t<\/section>\n\t\t\t\t\t<\/div>\n\t\t<\/div>\n\t\t\t\t\t\t\t<\/div>\n\t\t<\/section>\n\t\t\t\t<section class=\"elementor-section elementor-top-section elementor-element elementor-element-d8a9cbc elementor-section-boxed elementor-section-height-default elementor-section-height-default\" data-id=\"d8a9cbc\" data-element_type=\"section\">\n\t\t\t\t\t\t<div class=\"elementor-container elementor-column-gap-wider\">\n\t\t\t\t\t<div class=\"elementor-column elementor-col-100 elementor-top-column elementor-element elementor-element-0b5aeee\" data-id=\"0b5aeee\" data-element_type=\"column\">\n\t\t\t<div class=\"elementor-widget-wrap elementor-element-populated\">\n\t\t\t\t\t\t\t\t<div class=\"elementor-element elementor-element-ce72e74 animated-fast arrows-relative-to-box_area preserve-img-ratio-cover bullets-small-dot-stroke elementor-invisible elementor-widget elementor-widget-the7_testimonials_carousel\" data-id=\"ce72e74\" data-element_type=\"widget\" data-settings=\"{&quot;_animation&quot;:&quot;fadeInUp&quot;,&quot;_animation_delay&quot;:200}\" data-widget_type=\"the7_testimonials_carousel.default\">\n\t\t\t\t<div class=\"elementor-widget-container\">\n\t\t\t<div class=\"carousel-nav-display-always carousel-nav-display-tablet-always carousel-nav-display-mobile-always disable-arrows-hover-bg owl-carousel testimonials-carousel elementor-owl-carousel-call the7-elementor-widget the7_testimonials_carousel-ce72e74 slider-layout_2  slider-mobile-layout_1\" data-scroll-mode=\"1\" data-col-num=\"3\" data-wide-col-num=\"\" data-laptop-col=\"1\" data-h-tablet-columns-num=\"1\" data-v-tablet-columns-num=\"1\" data-phone-columns-num=\"1\" data-auto-height=\"false\" data-col-gap=\"60\" data-col-gap-tablet=\"\" data-col-gap-mobile=\"\" data-speed=\"600\" data-autoplay=\"false\" data-autoplay_speed=\"\"><div  class=\"dt-owl-item-wrap hide-icon elements-hover elements-hover\"  ><div class=\"dt-owl-item-inner \"><h5  class=\"dt-owl-item-heading\"><a href=\"https:\/\/g.co\/kgs\/z5mk8j\" target=\"_blank\">C\u00e9line BARRIER<\/a><\/h5><div class=\"dt-owl-item-description\">Je d\u00e9sesp\u00e9rais de trouver un lieu pour r\u00e9parer mon vieil ordi et j'ai fini par tomber sur cette soci\u00e9t\u00e9. Merci Google ! le premier contact par t\u00e9l\u00e9phone m'a inspir\u00e9 confiance. Ca valait le d\u00e9tour ...<\/div><a href=\"https:\/\/g.co\/kgs\/z5mk8j\" target=\"_blank\" class=\"dt-slide-button box-button elementor-button elementor-size-sm\">Lire la suite<\/a><\/div><\/div><div  class=\"dt-owl-item-wrap hide-icon hide-btn elements-hover elements-hover\"  ><div class=\"dt-owl-item-inner \"><h5  class=\"dt-owl-item-heading\"><a href=\"https:\/\/g.co\/kgs\/7EoGcE\" target=\"_blank\">Raymond SCHMORAK<\/a><\/h5><div class=\"dt-owl-item-description\">J'ai d\u00e9couvert ce prestataire r\u00e9cemment et je m'en f\u00e9licite tous les jours. Comp\u00e9tence, accueil et prix corrects. Cela me change des bidouilleurs et des Apple Center de leurs abus et pr\u00e9rogatives...<\/div><\/div><\/div><div  class=\"dt-owl-item-wrap hide-icon elements-hover elements-hover\"  ><div class=\"dt-owl-item-inner \"><h5  class=\"dt-owl-item-heading\"><a href=\"https:\/\/g.co\/kgs\/wFCRL3\" target=\"_blank\">Agathe ANGIBAUD<\/a><\/h5><div class=\"dt-owl-item-description\">Parfait! L'\u00e9quipe est tr\u00e8s chaleureuse et r\u00e9active. J'ai amen\u00e9 mon ordinateur et dans la journ\u00e9e, un probl\u00e8me que je trainais depuis des ann\u00e9es \u00e9tait r\u00e9gl\u00e9 alors que tous les forums d'aide....<\/div><a href=\"https:\/\/g.co\/kgs\/wFCRL3\" target=\"_blank\" class=\"dt-slide-button box-button elementor-button elementor-size-sm\">Lire la suite<\/a><\/div><\/div><div  class=\"dt-owl-item-wrap hide-icon elements-hover elements-hover\"  ><div class=\"dt-owl-item-inner \"><h5  class=\"dt-owl-item-heading\"><a href=\"https:\/\/g.co\/kgs\/PGQVfm\" target=\"_blank\">Nad\u00e8ge MENEN<\/a><\/h5><div class=\"dt-owl-item-description\">Un vrai magicien !! Carte m\u00e8re de mon macbook pro morte. Impossible de rallumer l'ordi et de r\u00e9cup\u00e9rer les donn\u00e9es laiss\u00e9es sur le bureau, la musique, les photos. Et bien gr\u00e2ce \u00e0 AD-POMME...<\/div><a href=\"https:\/\/g.co\/kgs\/PGQVfm\" target=\"_blank\" class=\"dt-slide-button box-button elementor-button elementor-size-sm\">Lire la suite<\/a><\/div><\/div><div  class=\"dt-owl-item-wrap hide-icon hide-btn elements-hover\"  ><div class=\"dt-owl-item-inner \"><h5  class=\"dt-owl-item-heading\">Romain DUBOIS<\/h5><div class=\"dt-owl-item-description\">'ai sollicit\u00e9 AD-Pomme sur conseil d'un ami et j'en suis tr\u00e8s content. Comp\u00e9tence, rapidit\u00e9, efficacit\u00e9 sont les maitres-mots de cette \u00e9quipe sympathique. Je recommande<\/div><\/div><\/div><\/div><div class=\"owl-nav disabled\"><a class=\"owl-prev\" role=\"button\"><i class=\"feather feather-chevron-left\"><\/i><\/a><a class=\"owl-next\" role=\"button\"><i class=\"feather feather-chevron-right\"><\/i><\/a><\/div>\t\t<\/div>\n\t\t\t\t<\/div>\n\t\t\t\t<div class=\"elementor-element elementor-element-ea95a37 elementor-mobile-align-center elementor-widget-mobile__width-inherit elementor-align-center animated-fast elementor-invisible elementor-widget elementor-widget-the7_button_widget\" data-id=\"ea95a37\" data-element_type=\"widget\" data-settings=\"{&quot;_animation&quot;:&quot;fadeInUp&quot;,&quot;_animation_delay&quot;:300}\" data-widget_type=\"the7_button_widget.default\">\n\t\t\t\t<div class=\"elementor-widget-container\">\n\t\t\t<div class=\"elementor-button-wrapper\"><a href=\"https:\/\/www.google.com\/search?q=ad+pomme+avis+google&#038;rlz=1C5CHFA_enFR918FR918&#038;oq=ad+pomme+avis+google&#038;aqs=chrome..69i57.2732j0j7&#038;sourceid=chrome&#038;ie=UTF-8#lrd=0x12aebbbe9ab2c7e1:0x16cf9d2886696ffa,1,,,,\" target=\"_blank\" class=\"box-button elementor-button elementor-size-xl\">Voir tous les avis google<\/a><\/div>\t\t<\/div>\n\t\t\t\t<\/div>\n\t\t\t\t\t<\/div>\n\t\t<\/div>\n\t\t\t\t\t\t\t<\/div>\n\t\t<\/section>\n\t\t\t\t<section class=\"elementor-section elementor-top-section elementor-element elementor-element-4395348 elementor-section-boxed elementor-section-height-default elementor-section-height-default\" data-id=\"4395348\" data-element_type=\"section\" data-settings=\"{&quot;background_background&quot;:&quot;classic&quot;}\">\n\t\t\t\t\t\t<div class=\"elementor-container elementor-column-gap-wider\">\n\t\t\t\t\t<div class=\"elementor-column elementor-col-50 elementor-top-column elementor-element elementor-element-3b8d2d2\" data-id=\"3b8d2d2\" data-element_type=\"column\">\n\t\t\t<div class=\"elementor-widget-wrap elementor-element-populated\">\n\t\t\t\t\t\t\t\t<div class=\"elementor-element elementor-element-1c1eb2c elementor-widget elementor-widget-heading\" data-id=\"1c1eb2c\" data-element_type=\"widget\" data-widget_type=\"heading.default\">\n\t\t\t\t<div class=\"elementor-widget-container\">\n\t\t\t<div class=\"elementor-heading-title elementor-size-default\">Vous souhaitez nous contacter ?<\/div>\t\t<\/div>\n\t\t\t\t<\/div>\n\t\t\t\t\t<\/div>\n\t\t<\/div>\n\t\t\t\t<div class=\"elementor-column elementor-col-50 elementor-top-column elementor-element elementor-element-104c766\" data-id=\"104c766\" data-element_type=\"column\">\n\t\t\t<div class=\"elementor-widget-wrap elementor-element-populated\">\n\t\t\t\t\t\t\t\t<div class=\"elementor-element elementor-element-e08ac3d elementor-mobile-align-center elementor-widget-mobile__width-inherit elementor-align-center animated-fast elementor-invisible elementor-widget elementor-widget-the7_button_widget\" data-id=\"e08ac3d\" data-element_type=\"widget\" data-settings=\"{&quot;_animation&quot;:&quot;zoomIn&quot;}\" data-widget_type=\"the7_button_widget.default\">\n\t\t\t\t<div class=\"elementor-widget-container\">\n\t\t\t<div class=\"elementor-button-wrapper\"><a href=\"https:\/\/ads.ad-pomme.fr\/wp\/contact\/\" class=\"box-button elementor-button elementor-size-xl\">Contactez-nous<\/a><\/div>\t\t<\/div>\n\t\t\t\t<\/div>\n\t\t\t\t\t<\/div>\n\t\t<\/div>\n\t\t\t\t\t\t\t<\/div>\n\t\t<\/section>\n\t\t\t\t\t\t\t<\/div>\n\t\t","protected":false},"excerpt":{"rendered":"<p>R\u00e9paration ou remplacement ? Une prise en compte rapide R\u00e9parer ou entretenir son ordinateur est une chose importante pour votre confort d\u2019utilisation et pour la s\u00e9curit\u00e9 de vos donn\u00e9es. R\u00e9aliser quelques op\u00e9rations de maintenance, \u00e0 votre domicile ou en nos ateliers, peut vous permettre d\u2019en profiter encore de nombreuses ann\u00e9es. M\u00eame en utilisant \u00ab normalement&hellip;<\/p>\n","protected":false},"author":1,"featured_media":0,"parent":0,"menu_order":0,"comment_status":"closed","ping_status":"closed","template":"","meta":{"footnotes":""},"class_list":["post-11206","page","type-page","status-publish","hentry"],"_links":{"self":[{"href":"https:\/\/ads.ad-pomme.fr\/wp\/wp-json\/wp\/v2\/pages\/11206","targetHints":{"allow":["GET"]}}],"collection":[{"href":"https:\/\/ads.ad-pomme.fr\/wp\/wp-json\/wp\/v2\/pages"}],"about":[{"href":"https:\/\/ads.ad-pomme.fr\/wp\/wp-json\/wp\/v2\/types\/page"}],"author":[{"embeddable":true,"href":"https:\/\/ads.ad-pomme.fr\/wp\/wp-json\/wp\/v2\/users\/1"}],"replies":[{"embeddable":true,"href":"https:\/\/ads.ad-pomme.fr\/wp\/wp-json\/wp\/v2\/comments?post=11206"}],"version-history":[{"count":89,"href":"https:\/\/ads.ad-pomme.fr\/wp\/wp-json\/wp\/v2\/pages\/11206\/revisions"}],"predecessor-version":[{"id":11985,"href":"https:\/\/ads.ad-pomme.fr\/wp\/wp-json\/wp\/v2\/pages\/11206\/revisions\/11985"}],"wp:attachment":[{"href":"https:\/\/ads.ad-pomme.fr\/wp\/wp-json\/wp\/v2\/media?parent=11206"}],"curies":[{"name":"wp","href":"https:\/\/api.w.org\/{rel}","templated":true}]}}